{"id":509,"date":"2016-02-10T22:21:58","date_gmt":"2016-02-10T21:21:58","guid":{"rendered":"http:\/\/web-server\/wordpress\/?page_id=509"},"modified":"2016-02-10T22:21:58","modified_gmt":"2016-02-10T21:21:58","slug":"kontakt-3","status":"publish","type":"page","link":"https:\/\/h2844705.stratoserver.net\/?page_id=509","title":{"rendered":"Kontakt"},"content":{"rendered":"<h2 style=\"font-size: 30px; font-family: Bitter, Georgia, serif; clear: both; line-height: 1.3; margin: 25px 0px;\">Kontaktieren Sie uns!<\/h2>\n<div>Sie k\u00f6nnen uns \u00fcber das unten stehende Formular eine Nachricht schreiben oder \u00fcber die aufgef\u00fchrten Daten kontaktieren.<\/div>\n<p>&nbsp;<\/p>\n<p><strong>Lutz Becker Ingenieurdienstleistungen<\/strong><\/p>\n<p>Nimrodstr. 21<br \/>\nD-82110 Germering<\/p>\n<p>Telefon: +49 89 80042593<br \/>\nFax: +49 89 20949636<br \/>\nE-Mail: kontakt@lb-id.de<\/p>\n<p>&nbsp;<\/p>\n<p>* Pflichtfelder<\/p>\n<p style=\"text-align: left;\">[contact-form-7 id=&#8220;526&#8243; title=&#8220;Kontaktformular lb-id&#8220;]<\/p>\n","protected":false},"excerpt":{"rendered":"<p>Kontaktieren Sie uns! Sie k\u00f6nnen uns \u00fcber das unten stehende Formular eine Nachricht schreiben oder \u00fcber die aufgef\u00fchrten Daten kontaktieren. &nbsp; Lutz Becker Ingenieurdienstleistungen Nimrodstr. 21 D-82110 Germering Telefon: +49 89 80042593 Fax: +49 89 20949636 E-Mail: kontakt@lb-id.de &nbsp; * Pflichtfelder [contact-form-7 id=&#8220;526&#8243; title=&#8220;Kontaktformular lb-id&#8220;]<\/p>\n","protected":false},"author":1,"featured_media":0,"parent":0,"menu_order":0,"comment_status":"closed","ping_status":"closed","template":"","meta":{"footnotes":""},"class_list":["post-509","page","type-page","status-publish","hentry"],"_links":{"self":[{"href":"https:\/\/h2844705.stratoserver.net\/index.php?rest_route=\/wp\/v2\/pages\/509","targetHints":{"allow":["GET"]}}],"collection":[{"href":"https:\/\/h2844705.stratoserver.net\/index.php?rest_route=\/wp\/v2\/pages"}],"about":[{"href":"https:\/\/h2844705.stratoserver.net\/index.php?rest_route=\/wp\/v2\/types\/page"}],"author":[{"embeddable":true,"href":"https:\/\/h2844705.stratoserver.net\/index.php?rest_route=\/wp\/v2\/users\/1"}],"replies":[{"embeddable":true,"href":"https:\/\/h2844705.stratoserver.net\/index.php?rest_route=%2Fwp%2Fv2%2Fcomments&post=509"}],"version-history":[{"count":0,"href":"https:\/\/h2844705.stratoserver.net\/index.php?rest_route=\/wp\/v2\/pages\/509\/revisions"}],"wp:attachment":[{"href":"https:\/\/h2844705.stratoserver.net\/index.php?rest_route=%2Fwp%2Fv2%2Fmedia&parent=509"}],"curies":[{"name":"wp","href":"https:\/\/api.w.org\/{rel}","templated":true}]}}