{"id":540,"date":"2016-02-14T10:17:35","date_gmt":"2016-02-14T10:17:35","guid":{"rendered":"http:\/\/www.lb-id.de\/?page_id=540"},"modified":"2016-02-14T10:17:35","modified_gmt":"2016-02-14T10:17:35","slug":"diese-seite-ist-in-bearbeitung","status":"publish","type":"page","link":"https:\/\/h2844705.stratoserver.net\/?page_id=540","title":{"rendered":"Diese Seite ist in Bearbeitung!"},"content":{"rendered":"<p>Bitte besuchen Sie uns zu sp\u00e4teren Zeitpunkt. Diese Seite wird in K\u00fcrze ver\u00f6ffentlicht<\/p>\n","protected":false},"excerpt":{"rendered":"<p>Bitte besuchen Sie uns zu sp\u00e4teren Zeitpunkt. Diese Seite wird in K\u00fcrze ver\u00f6ffentlicht<\/p>\n","protected":false},"author":1,"featured_media":0,"parent":0,"menu_order":0,"comment_status":"closed","ping_status":"closed","template":"","meta":{"footnotes":""},"class_list":["post-540","page","type-page","status-publish","hentry"],"_links":{"self":[{"href":"https:\/\/h2844705.stratoserver.net\/index.php?rest_route=\/wp\/v2\/pages\/540","targetHints":{"allow":["GET"]}}],"collection":[{"href":"https:\/\/h2844705.stratoserver.net\/index.php?rest_route=\/wp\/v2\/pages"}],"about":[{"href":"https:\/\/h2844705.stratoserver.net\/index.php?rest_route=\/wp\/v2\/types\/page"}],"author":[{"embeddable":true,"href":"https:\/\/h2844705.stratoserver.net\/index.php?rest_route=\/wp\/v2\/users\/1"}],"replies":[{"embeddable":true,"href":"https:\/\/h2844705.stratoserver.net\/index.php?rest_route=%2Fwp%2Fv2%2Fcomments&post=540"}],"version-history":[{"count":0,"href":"https:\/\/h2844705.stratoserver.net\/index.php?rest_route=\/wp\/v2\/pages\/540\/revisions"}],"wp:attachment":[{"href":"https:\/\/h2844705.stratoserver.net\/index.php?rest_route=%2Fwp%2Fv2%2Fmedia&parent=540"}],"curies":[{"name":"wp","href":"https:\/\/api.w.org\/{rel}","templated":true}]}}