{"id":560,"date":"2016-02-14T12:05:45","date_gmt":"2016-02-14T12:05:45","guid":{"rendered":"http:\/\/www.lb-id.de\/?page_id=560"},"modified":"2016-02-14T12:05:45","modified_gmt":"2016-02-14T12:05:45","slug":"vielen-dank-fuer-ihre-nachricht","status":"publish","type":"page","link":"https:\/\/h2844705.stratoserver.net\/?page_id=560","title":{"rendered":"Vielen Dank f\u00fcr Ihre Nachricht!"},"content":{"rendered":"<pre class=\"content_head\" style=\"color: #565759;\"><span style=\"font-size: 10pt;\">Wir haben Ihre Nachricht erhalten und werden uns bei Ihnen schnellstm\u00f6glich melden. F\u00fcr dringende Anfragen k\u00f6nnen Sie uns unter den Rufnummern:<\/span><\/pre>\n<pre><span style=\"font-size: 10pt;\">Telefon: +49 (0)89 \/ 800 425 93<\/span>\n<span style=\"font-size: 10pt;\">Fax: +49 (0)89 \/ 209 496 36<\/span><\/pre>\n<pre><span style=\"font-size: 10pt;\">telefonisch erreichen.<\/span><\/pre>\n<pre><span style=\"font-size: 10pt;\">[maxbutton id=\"1\"]<\/span><\/pre>\n","protected":false},"excerpt":{"rendered":"<p>Wir haben Ihre Nachricht erhalten und werden uns bei Ihnen schnellstm\u00f6glich melden. F\u00fcr dringende Anfragen k\u00f6nnen Sie uns unter den Rufnummern: Telefon: +49 (0)89 \/ 800 425 93 Fax: +49 (0)89 \/ 209 496 36 telefonisch erreichen. [maxbutton id=&#8220;1&#8243;]<\/p>\n","protected":false},"author":1,"featured_media":0,"parent":0,"menu_order":0,"comment_status":"closed","ping_status":"closed","template":"","meta":{"footnotes":""},"class_list":["post-560","page","type-page","status-publish","hentry"],"_links":{"self":[{"href":"https:\/\/h2844705.stratoserver.net\/index.php?rest_route=\/wp\/v2\/pages\/560","targetHints":{"allow":["GET"]}}],"collection":[{"href":"https:\/\/h2844705.stratoserver.net\/index.php?rest_route=\/wp\/v2\/pages"}],"about":[{"href":"https:\/\/h2844705.stratoserver.net\/index.php?rest_route=\/wp\/v2\/types\/page"}],"author":[{"embeddable":true,"href":"https:\/\/h2844705.stratoserver.net\/index.php?rest_route=\/wp\/v2\/users\/1"}],"replies":[{"embeddable":true,"href":"https:\/\/h2844705.stratoserver.net\/index.php?rest_route=%2Fwp%2Fv2%2Fcomments&post=560"}],"version-history":[{"count":0,"href":"https:\/\/h2844705.stratoserver.net\/index.php?rest_route=\/wp\/v2\/pages\/560\/revisions"}],"wp:attachment":[{"href":"https:\/\/h2844705.stratoserver.net\/index.php?rest_route=%2Fwp%2Fv2%2Fmedia&parent=560"}],"curies":[{"name":"wp","href":"https:\/\/api.w.org\/{rel}","templated":true}]}}